{"id":628,"date":"2025-09-06T15:33:28","date_gmt":"2025-09-06T19:33:28","guid":{"rendered":"https:\/\/ecoanimo.ca\/wp\/?page_id=628"},"modified":"2026-01-09T17:23:05","modified_gmt":"2026-01-09T22:23:05","slug":"transformation","status":"publish","type":"page","link":"https:\/\/ecoanimo.ca\/?page_id=628","title":{"rendered":"Transformer votre fourrure"},"content":{"rendered":"\t\t<div data-elementor-type=\"wp-page\" data-elementor-id=\"628\" class=\"elementor elementor-628\">\n\t\t\t\t\t\t<section class=\"elementor-section elementor-top-section elementor-element elementor-element-aa0d922 elementor-section-height-min-height elementor-section-boxed elementor-section-height-default elementor-section-items-middle\" data-id=\"aa0d922\" data-element_type=\"section\" data-e-type=\"section\" data-settings=\"{&quot;background_background&quot;:&quot;classic&quot;}\">\n\t\t\t\t\t\t<div class=\"elementor-container elementor-column-gap-no\">\n\t\t\t\t\t<div class=\"elementor-column elementor-col-100 elementor-top-column elementor-element elementor-element-1e34838\" data-id=\"1e34838\" data-element_type=\"column\" data-e-type=\"column\">\n\t\t\t<div class=\"elementor-widget-wrap elementor-element-populated\">\n\t\t\t\t<div class=\"elementor-element elementor-element-887bb7e e-flex e-con-boxed e-con e-parent\" data-id=\"887bb7e\" data-element_type=\"container\" data-e-type=\"container\">\n\t\t\t\t\t<div class=\"e-con-inner\">\n\t\t\t\t\t<\/div>\n\t\t\t\t<\/div>\n\t\t\t\t<div class=\"elementor-element elementor-element-84a3c64 elementor-widget__width-initial elementor-widget-tablet__width-initial e-transform e-transform elementor-invisible elementor-widget elementor-widget-heading\" data-id=\"84a3c64\" data-element_type=\"widget\" data-e-type=\"widget\" data-settings=\"{&quot;_animation&quot;:&quot;fadeIn&quot;,&quot;_transform_translateX_effect_mobile&quot;:{&quot;unit&quot;:&quot;px&quot;,&quot;size&quot;:-217,&quot;sizes&quot;:[]},&quot;_transform_translateY_effect_mobile&quot;:{&quot;unit&quot;:&quot;px&quot;,&quot;size&quot;:8,&quot;sizes&quot;:[]},&quot;_transform_scale_effect_mobile&quot;:{&quot;unit&quot;:&quot;px&quot;,&quot;size&quot;:0.40000000000000002220446049250313080847263336181640625,&quot;sizes&quot;:[]},&quot;_transform_translateX_effect_tablet&quot;:{&quot;unit&quot;:&quot;px&quot;,&quot;size&quot;:-18,&quot;sizes&quot;:[]},&quot;_transform_translateY_effect_tablet&quot;:{&quot;unit&quot;:&quot;px&quot;,&quot;size&quot;:30,&quot;sizes&quot;:[]},&quot;_transform_scale_effect&quot;:{&quot;unit&quot;:&quot;px&quot;,&quot;size&quot;:1.3000000000000000444089209850062616169452667236328125,&quot;sizes&quot;:[]},&quot;_transform_scale_effect_tablet&quot;:{&quot;unit&quot;:&quot;px&quot;,&quot;size&quot;:0.90000000000000002220446049250313080847263336181640625,&quot;sizes&quot;:[]},&quot;_transform_translateX_effect&quot;:{&quot;unit&quot;:&quot;px&quot;,&quot;size&quot;:&quot;&quot;,&quot;sizes&quot;:[]},&quot;_transform_translateY_effect&quot;:{&quot;unit&quot;:&quot;px&quot;,&quot;size&quot;:&quot;&quot;,&quot;sizes&quot;:[]}}\" data-widget_type=\"heading.default\">\n\t\t\t\t\t<h1 class=\"elementor-heading-title elementor-size-default\">Transformer votre fourrure<\/h1>\t\t\t\t<\/div>\n\t\t\t\t<div class=\"elementor-element elementor-element-c62a8c0 e-transform elementor-widget elementor-widget-image\" data-id=\"c62a8c0\" data-element_type=\"widget\" data-e-type=\"widget\" data-settings=\"{&quot;_transform_scale_effect&quot;:{&quot;unit&quot;:&quot;px&quot;,&quot;size&quot;:1.1999999999999999555910790149937383830547332763671875,&quot;sizes&quot;:[]},&quot;_transform_scale_effect_tablet&quot;:{&quot;unit&quot;:&quot;px&quot;,&quot;size&quot;:1.3000000000000000444089209850062616169452667236328125,&quot;sizes&quot;:[]},&quot;_transform_scale_effect_mobile&quot;:{&quot;unit&quot;:&quot;px&quot;,&quot;size&quot;:1.5,&quot;sizes&quot;:[]}}\" data-widget_type=\"image.default\">\n\t\t\t\t\t\t\t\t\t\t\t\t\t\t\t<img fetchpriority=\"high\" decoding=\"async\" width=\"1536\" height=\"507\" src=\"https:\/\/ecoanimo.ca\/wp-content\/uploads\/2025\/09\/TRFOURRURE.webp\" class=\"attachment-1536x1536 size-1536x1536 wp-image-631\" alt=\"\" \/>\t\t\t\t\t\t\t\t\t\t\t\t\t\t\t<\/div>\n\t\t\t\t<div class=\"elementor-element elementor-element-d372de4 elementor-widget elementor-widget-spacer\" data-id=\"d372de4\" data-element_type=\"widget\" data-e-type=\"widget\" data-widget_type=\"spacer.default\">\n\t\t\t\t\t\t\t<div class=\"elementor-spacer\">\n\t\t\t<div class=\"elementor-spacer-inner\"><\/div>\n\t\t<\/div>\n\t\t\t\t\t\t<\/div>\n\t\t\t\t\t<\/div>\n\t\t<\/div>\n\t\t\t\t\t<\/div>\n\t\t<\/section>\n\t\t<div class=\"elementor-element elementor-element-bbff9c8 e-flex e-con-boxed e-con e-parent\" data-id=\"bbff9c8\" data-element_type=\"container\" data-e-type=\"container\">\n\t\t\t\t\t<div class=\"e-con-inner\">\n\t\t<div class=\"elementor-element elementor-element-3c9e5ac e-con-full e-flex e-con e-child\" data-id=\"3c9e5ac\" data-element_type=\"container\" data-e-type=\"container\">\n\t\t\t\t<div class=\"elementor-element elementor-element-859e0e4 elementor-widget elementor-widget-text-editor\" data-id=\"859e0e4\" data-element_type=\"widget\" data-e-type=\"widget\" data-widget_type=\"text-editor.default\">\n\t\t\t\t\t\t\t\t\t<div>La fourrure naturelle est un mat\u00e9riau qui peut avoir plusieurs vies! C&rsquo;est une mati\u00e8re \u00e9cologique et recyclable que l&rsquo;on peut transformer plus d&rsquo;une fois selon son \u00e9tat et sa qualit\u00e9.\u00a0<\/div><div>\u00a0<\/div><div>Vous avez un manteaux que vous ne portez plus? Vous avez h\u00e9ritez d&rsquo;un manteau de fourrure que vous ne porterez pas mais qui a une valeur sentimentale pour vous et vous h\u00e9sitez \u00e0 vous en d\u00e9faire? Il existe plusieurs belles possibilit\u00e9s de projets \u00e0 faire avec votre mati\u00e8re, \u00e0 petit ou grand budget. Que se soit une transformation en petits accessoires, en toutous ou m\u00eame en duo jet\u00e9\/coussins, contactez-moi avant de vous d\u00e9partir de vos pi\u00e8ces. Un seul manteau, selon l&rsquo;\u00e9tat et la qualit\u00e9 de la peau, peut fournir plusieurs pi\u00e8ces. Des petites douceurs \u00e0 garder pour soi ou a offrir en cadeau!<\/div><div>\u00a0<\/div><div>Pour toutes informations, \u00e9crivez-moi au\u00a0<a href=\"mailto:kb.ecoanimo@gmail.com\" target=\"_blank\" rel=\"noopener\">kb.ecoanimo@gmail.com<\/a>\u00a0et il me fera plaisir de r\u00e9pondre \u00e0 vos questions. Au plaisir!<\/div>\t\t\t\t\t\t\t\t<\/div>\n\t\t\t\t<\/div>\n\t\t\t\t\t<\/div>\n\t\t\t\t<\/div>\n\t\t<div class=\"elementor-element elementor-element-02060c4 e-flex e-con-boxed e-con e-parent\" data-id=\"02060c4\" data-element_type=\"container\" data-e-type=\"container\">\n\t\t\t\t\t<div class=\"e-con-inner\">\n\t\t\t\t<div class=\"elementor-element elementor-element-59de746 elementor-widget-divider--view-line elementor-widget elementor-widget-divider\" data-id=\"59de746\" data-element_type=\"widget\" data-e-type=\"widget\" data-widget_type=\"divider.default\">\n\t\t\t\t\t\t\t<div class=\"elementor-divider\">\n\t\t\t<span class=\"elementor-divider-separator\">\n\t\t\t\t\t\t<\/span>\n\t\t<\/div>\n\t\t\t\t\t\t<\/div>\n\t\t\t\t\t<\/div>\n\t\t\t\t<\/div>\n\t\t\t\t<\/div>\n\t\t","protected":false},"excerpt":{"rendered":"<p>Transformer votre fourrure La fourrure naturelle est un mat\u00e9riau qui peut avoir plusieurs vies! C&rsquo;est une mati\u00e8re \u00e9cologique et recyclable que l&rsquo;on peut transformer plus d&rsquo;une fois selon son \u00e9tat et sa qualit\u00e9.\u00a0\u00a0Vous avez un manteaux que vous ne portez plus? Vous avez h\u00e9ritez d&rsquo;un manteau de fourrure que vous ne porterez pas mais qui [&hellip;]<\/p>\n","protected":false},"author":1,"featured_media":0,"parent":0,"menu_order":0,"comment_status":"closed","ping_status":"closed","template":"elementor_canvas","meta":{"_eb_attr":"","footnotes":""},"class_list":["post-628","page","type-page","status-publish","hentry"],"yoast_head":"<!-- This site is optimized with the Yoast SEO plugin v27.4 - https:\/\/yoast.com\/product\/yoast-seo-wordpress\/ -->\n<title>Transformer votre fourrure - ecoanimo<\/title>\n<meta name=\"robots\" content=\"index, follow, max-snippet:-1, max-image-preview:large, max-video-preview:-1\" \/>\n<link rel=\"canonical\" href=\"https:\/\/ecoanimo.ca\/?page_id=628\" \/>\n<meta property=\"og:locale\" content=\"fr_CA\" \/>\n<meta property=\"og:type\" content=\"article\" \/>\n<meta property=\"og:title\" content=\"Transformer votre fourrure - ecoanimo\" \/>\n<meta property=\"og:description\" content=\"Transformer votre fourrure La fourrure naturelle est un mat\u00e9riau qui peut avoir plusieurs vies! C&rsquo;est une mati\u00e8re \u00e9cologique et recyclable que l&rsquo;on peut transformer plus d&rsquo;une fois selon son \u00e9tat et sa qualit\u00e9.\u00a0\u00a0Vous avez un manteaux que vous ne portez plus? Vous avez h\u00e9ritez d&rsquo;un manteau de fourrure que vous ne porterez pas mais qui [&hellip;]\" \/>\n<meta property=\"og:url\" content=\"https:\/\/ecoanimo.ca\/?page_id=628\" \/>\n<meta property=\"og:site_name\" content=\"ecoanimo\" \/>\n<meta property=\"article:publisher\" content=\"https:\/\/www.facebook.com\/ECOAnimo\" \/>\n<meta property=\"article:modified_time\" content=\"2026-01-09T22:23:05+00:00\" \/>\n<meta property=\"og:image\" content=\"https:\/\/ecoanimo.ca\/wp-content\/uploads\/2025\/09\/TRFOURRURE.webp\" \/>\n\t<meta property=\"og:image:width\" content=\"1920\" \/>\n\t<meta property=\"og:image:height\" content=\"634\" \/>\n\t<meta property=\"og:image:type\" content=\"image\/webp\" \/>\n<meta name=\"twitter:card\" content=\"summary_large_image\" \/>\n<meta name=\"twitter:label1\" content=\"Estimation du temps de lecture\" \/>\n\t<meta name=\"twitter:data1\" content=\"1 minute\" \/>\n<script type=\"application\/ld+json\" class=\"yoast-schema-graph\">{\"@context\":\"https:\\\/\\\/schema.org\",\"@graph\":[{\"@type\":\"WebPage\",\"@id\":\"https:\\\/\\\/ecoanimo.ca\\\/?page_id=628\",\"url\":\"https:\\\/\\\/ecoanimo.ca\\\/?page_id=628\",\"name\":\"Transformer votre fourrure - ecoanimo\",\"isPartOf\":{\"@id\":\"https:\\\/\\\/ecoanimo.ca\\\/#website\"},\"primaryImageOfPage\":{\"@id\":\"https:\\\/\\\/ecoanimo.ca\\\/?page_id=628#primaryimage\"},\"image\":{\"@id\":\"https:\\\/\\\/ecoanimo.ca\\\/?page_id=628#primaryimage\"},\"thumbnailUrl\":\"https:\\\/\\\/ecoanimo.ca\\\/wp-content\\\/uploads\\\/2025\\\/09\\\/TRFOURRURE.webp\",\"datePublished\":\"2025-09-06T19:33:28+00:00\",\"dateModified\":\"2026-01-09T22:23:05+00:00\",\"breadcrumb\":{\"@id\":\"https:\\\/\\\/ecoanimo.ca\\\/?page_id=628#breadcrumb\"},\"inLanguage\":\"fr-CA\",\"potentialAction\":[{\"@type\":\"ReadAction\",\"target\":[\"https:\\\/\\\/ecoanimo.ca\\\/?page_id=628\"]}]},{\"@type\":\"ImageObject\",\"inLanguage\":\"fr-CA\",\"@id\":\"https:\\\/\\\/ecoanimo.ca\\\/?page_id=628#primaryimage\",\"url\":\"https:\\\/\\\/ecoanimo.ca\\\/wp-content\\\/uploads\\\/2025\\\/09\\\/TRFOURRURE.webp\",\"contentUrl\":\"https:\\\/\\\/ecoanimo.ca\\\/wp-content\\\/uploads\\\/2025\\\/09\\\/TRFOURRURE.webp\",\"width\":1920,\"height\":634},{\"@type\":\"BreadcrumbList\",\"@id\":\"https:\\\/\\\/ecoanimo.ca\\\/?page_id=628#breadcrumb\",\"itemListElement\":[{\"@type\":\"ListItem\",\"position\":1,\"name\":\"Accueil\",\"item\":\"https:\\\/\\\/ecoanimo.ca\\\/\"},{\"@type\":\"ListItem\",\"position\":2,\"name\":\"Transformer votre fourrure\"}]},{\"@type\":\"WebSite\",\"@id\":\"https:\\\/\\\/ecoanimo.ca\\\/#website\",\"url\":\"https:\\\/\\\/ecoanimo.ca\\\/\",\"name\":\"ECOanimo\",\"description\":\"Produits et cr\u00e9ations en fourrure naturelle recycl\u00e9e et service de transformation\",\"publisher\":{\"@id\":\"https:\\\/\\\/ecoanimo.ca\\\/#organization\"},\"alternateName\":\"ecoanimo\",\"potentialAction\":[{\"@type\":\"SearchAction\",\"target\":{\"@type\":\"EntryPoint\",\"urlTemplate\":\"https:\\\/\\\/ecoanimo.ca\\\/?s={search_term_string}\"},\"query-input\":{\"@type\":\"PropertyValueSpecification\",\"valueRequired\":true,\"valueName\":\"search_term_string\"}}],\"inLanguage\":\"fr-CA\"},{\"@type\":\"Organization\",\"@id\":\"https:\\\/\\\/ecoanimo.ca\\\/#organization\",\"name\":\"ecoanimo\",\"url\":\"https:\\\/\\\/ecoanimo.ca\\\/\",\"logo\":{\"@type\":\"ImageObject\",\"inLanguage\":\"fr-CA\",\"@id\":\"https:\\\/\\\/ecoanimo.ca\\\/#\\\/schema\\\/logo\\\/image\\\/\",\"url\":\"https:\\\/\\\/ecoanimo.ca\\\/wp\\\/wp-content\\\/uploads\\\/2025\\\/08\\\/thumbnail.jpg\",\"contentUrl\":\"https:\\\/\\\/ecoanimo.ca\\\/wp\\\/wp-content\\\/uploads\\\/2025\\\/08\\\/thumbnail.jpg\",\"width\":520,\"height\":520,\"caption\":\"ecoanimo\"},\"image\":{\"@id\":\"https:\\\/\\\/ecoanimo.ca\\\/#\\\/schema\\\/logo\\\/image\\\/\"},\"sameAs\":[\"https:\\\/\\\/www.facebook.com\\\/ECOAnimo\",\"https:\\\/\\\/www.instagram.com\\\/ecoanimo78\"]}]}<\/script>\n<!-- \/ Yoast SEO plugin. -->","yoast_head_json":{"title":"Transformer votre fourrure - ecoanimo","robots":{"index":"index","follow":"follow","max-snippet":"max-snippet:-1","max-image-preview":"max-image-preview:large","max-video-preview":"max-video-preview:-1"},"canonical":"https:\/\/ecoanimo.ca\/?page_id=628","og_locale":"fr_CA","og_type":"article","og_title":"Transformer votre fourrure - ecoanimo","og_description":"Transformer votre fourrure La fourrure naturelle est un mat\u00e9riau qui peut avoir plusieurs vies! C&rsquo;est une mati\u00e8re \u00e9cologique et recyclable que l&rsquo;on peut transformer plus d&rsquo;une fois selon son \u00e9tat et sa qualit\u00e9.\u00a0\u00a0Vous avez un manteaux que vous ne portez plus? Vous avez h\u00e9ritez d&rsquo;un manteau de fourrure que vous ne porterez pas mais qui [&hellip;]","og_url":"https:\/\/ecoanimo.ca\/?page_id=628","og_site_name":"ecoanimo","article_publisher":"https:\/\/www.facebook.com\/ECOAnimo","article_modified_time":"2026-01-09T22:23:05+00:00","og_image":[{"width":1920,"height":634,"url":"https:\/\/ecoanimo.ca\/wp-content\/uploads\/2025\/09\/TRFOURRURE.webp","type":"image\/webp"}],"twitter_card":"summary_large_image","twitter_misc":{"Estimation du temps de lecture":"1 minute"},"schema":{"@context":"https:\/\/schema.org","@graph":[{"@type":"WebPage","@id":"https:\/\/ecoanimo.ca\/?page_id=628","url":"https:\/\/ecoanimo.ca\/?page_id=628","name":"Transformer votre fourrure - ecoanimo","isPartOf":{"@id":"https:\/\/ecoanimo.ca\/#website"},"primaryImageOfPage":{"@id":"https:\/\/ecoanimo.ca\/?page_id=628#primaryimage"},"image":{"@id":"https:\/\/ecoanimo.ca\/?page_id=628#primaryimage"},"thumbnailUrl":"https:\/\/ecoanimo.ca\/wp-content\/uploads\/2025\/09\/TRFOURRURE.webp","datePublished":"2025-09-06T19:33:28+00:00","dateModified":"2026-01-09T22:23:05+00:00","breadcrumb":{"@id":"https:\/\/ecoanimo.ca\/?page_id=628#breadcrumb"},"inLanguage":"fr-CA","potentialAction":[{"@type":"ReadAction","target":["https:\/\/ecoanimo.ca\/?page_id=628"]}]},{"@type":"ImageObject","inLanguage":"fr-CA","@id":"https:\/\/ecoanimo.ca\/?page_id=628#primaryimage","url":"https:\/\/ecoanimo.ca\/wp-content\/uploads\/2025\/09\/TRFOURRURE.webp","contentUrl":"https:\/\/ecoanimo.ca\/wp-content\/uploads\/2025\/09\/TRFOURRURE.webp","width":1920,"height":634},{"@type":"BreadcrumbList","@id":"https:\/\/ecoanimo.ca\/?page_id=628#breadcrumb","itemListElement":[{"@type":"ListItem","position":1,"name":"Accueil","item":"https:\/\/ecoanimo.ca\/"},{"@type":"ListItem","position":2,"name":"Transformer votre fourrure"}]},{"@type":"WebSite","@id":"https:\/\/ecoanimo.ca\/#website","url":"https:\/\/ecoanimo.ca\/","name":"ECOanimo","description":"Produits et cr\u00e9ations en fourrure naturelle recycl\u00e9e et service de transformation","publisher":{"@id":"https:\/\/ecoanimo.ca\/#organization"},"alternateName":"ecoanimo","potentialAction":[{"@type":"SearchAction","target":{"@type":"EntryPoint","urlTemplate":"https:\/\/ecoanimo.ca\/?s={search_term_string}"},"query-input":{"@type":"PropertyValueSpecification","valueRequired":true,"valueName":"search_term_string"}}],"inLanguage":"fr-CA"},{"@type":"Organization","@id":"https:\/\/ecoanimo.ca\/#organization","name":"ecoanimo","url":"https:\/\/ecoanimo.ca\/","logo":{"@type":"ImageObject","inLanguage":"fr-CA","@id":"https:\/\/ecoanimo.ca\/#\/schema\/logo\/image\/","url":"https:\/\/ecoanimo.ca\/wp\/wp-content\/uploads\/2025\/08\/thumbnail.jpg","contentUrl":"https:\/\/ecoanimo.ca\/wp\/wp-content\/uploads\/2025\/08\/thumbnail.jpg","width":520,"height":520,"caption":"ecoanimo"},"image":{"@id":"https:\/\/ecoanimo.ca\/#\/schema\/logo\/image\/"},"sameAs":["https:\/\/www.facebook.com\/ECOAnimo","https:\/\/www.instagram.com\/ecoanimo78"]}]}},"_links":{"self":[{"href":"https:\/\/ecoanimo.ca\/index.php?rest_route=\/wp\/v2\/pages\/628","targetHints":{"allow":["GET"]}}],"collection":[{"href":"https:\/\/ecoanimo.ca\/index.php?rest_route=\/wp\/v2\/pages"}],"about":[{"href":"https:\/\/ecoanimo.ca\/index.php?rest_route=\/wp\/v2\/types\/page"}],"author":[{"embeddable":true,"href":"https:\/\/ecoanimo.ca\/index.php?rest_route=\/wp\/v2\/users\/1"}],"replies":[{"embeddable":true,"href":"https:\/\/ecoanimo.ca\/index.php?rest_route=%2Fwp%2Fv2%2Fcomments&post=628"}],"version-history":[{"count":50,"href":"https:\/\/ecoanimo.ca\/index.php?rest_route=\/wp\/v2\/pages\/628\/revisions"}],"predecessor-version":[{"id":902,"href":"https:\/\/ecoanimo.ca\/index.php?rest_route=\/wp\/v2\/pages\/628\/revisions\/902"}],"wp:attachment":[{"href":"https:\/\/ecoanimo.ca\/index.php?rest_route=%2Fwp%2Fv2%2Fmedia&parent=628"}],"curies":[{"name":"wp","href":"https:\/\/api.w.org\/{rel}","templated":true}]}}